{"id":39,"date":"2018-06-01T21:30:43","date_gmt":"2018-06-01T19:30:43","guid":{"rendered":"http:\/\/ropro.4multimedia.pl\/?page_id=39"},"modified":"2019-12-20T13:03:10","modified_gmt":"2019-12-20T12:03:10","slug":"ciecie-laserem-blach","status":"publish","type":"page","link":"http:\/\/ropro.pl\/de\/dienstleistungen\/laserschneiden\/","title":{"rendered":"Laserschneiden"},"content":{"rendered":"<p>[vc_row][vc_column][vc_column_text]<\/p>\n<h3>TRULASER TRUMPF FIBER 5040<\/h3>\n<p>Zach\u0119camy do korzystania z technologii wykorzystuj\u0105c ci\u0119cie laserem m.in. z uwagi na wysok\u0105 jako\u015b\u0107 ci\u0119tej kraw\u0119dzi materia\u0142u. Wykorzystuj\u0105c ci\u0119cie laserowe skomplikowane kszta\u0142ty nie stanowi\u0105 problemu technicznego.[\/vc_column_text][\/vc_column][\/vc_row][vc_row][vc_column width=&#8220;1\/2&#8243;][vc_column_text]<strong>Dane techniczne:<\/strong><\/p>\n<ul>\n<li>moc lasera: 6kW,<\/li>\n<li>maksymalne pole obr\u00f3bki: 2000 mm x 4000 mm,<\/li>\n<li>maksymalna grubo\u015b\u0107 obrabianego materia\u0142u:\n<ul>\n<li>blachy stopowe (kwasoodporne) do grubo\u015bci &#8211; 25 mm,<\/li>\n<li>blachy w\u0119glowe do grubo\u015bci &#8211; 25 mm,<\/li>\n<li>blachy aluminiowe, stopy aluminiowe do grubo\u015bci &#8211; 25 mm,<\/li>\n<li>mied\u017a, mosi\u0105dz &#8211; 10 mm.<\/li>\n<\/ul>\n<\/li>\n<\/ul>\n<p>[\/vc_column_text][\/vc_column][vc_column width=&#8220;1\/2&#8243;][vc_raw_html]JTNDZGl2JTIwY2xhc3MlM0QlMjJpY29uLXRleHQlMjIlM0UlMEElM0NpbWclMjBzcmMlM0QlMjIlMkZ3cC1jb250ZW50JTJGdXBsb2FkcyUyRjIwMTglMkYwNiUyRmljb24xLnBuZyUyMiUzRSUwQXd5c29rYSUyMHByZWN5emphJTIwa3JhdyVDNCU5OWR6aSUyMGNpJUM0JTk5Y2lhJTBBJTNDJTJGZGl2JTNF[\/vc_raw_html][vc_raw_html]JTNDZGl2JTIwY2xhc3MlM0QlMjJpY29uLXRleHQlMjIlM0UlMEElM0NpbWclMjBzcmMlM0QlMjIlMkZ3cC1jb250ZW50JTJGdXBsb2FkcyUyRjIwMTglMkYwNiUyRmljb24yLnBuZyUyMiUzRSUwQXBvd3RhcnphbG5vJUM1JTlCJUM0JTg3JTIwZGV0YWxpJTBBJTNDJTJGZGl2JTNF[\/vc_raw_html][vc_raw_html]JTNDZGl2JTIwY2xhc3MlM0QlMjJpY29uLXRleHQlMjIlM0UlMEElM0NpbWclMjBzcmMlM0QlMjIlMkZ3cC1jb250ZW50JTJGdXBsb2FkcyUyRjIwMTglMkYwNiUyRmljb24zLnBuZyUyMiUzRSUwQWNpJUM0JTk5Y2llJTIwYmV6JTIwem1pYW4lMjB0ZXJtaWN6bnljaCUyMG1ldGFsdSUwQSUzQyUyRmRpdiUzRQ==[\/vc_raw_html][vc_raw_html]JTNDZGl2JTIwY2xhc3MlM0QlMjJpY29uLXRleHQlMjB0d28tbGluZXMlMjIlM0UlMEElM0NpbWclMjBzcmMlM0QlMjIlMkZ3cC1jb250ZW50JTJGdXBsb2FkcyUyRjIwMTglMkYwNiUyRmljb240LnBuZyUyMiUzRSUwQXpuYWtvbWl0YSUyMGRvayVDNSU4MmFkbm8lQzUlOUIlQzQlODclMjByeiVDNCU5OWR1JTIwMCUyQzElMjBtbSUzQ2JyJTNFJTBBZHppJUM0JTk5a2klMjBjeWZyb3dlbXUlMjBzdGVyb3dhbml1JTBBJTNDJTJGZGl2JTNF[\/vc_raw_html][\/vc_column][\/vc_row][vc_row][vc_column width=&#8220;1\/2&#8243;][vc_single_image image=&#8220;186&#8243; img_size=&#8220;full&#8220;][\/vc_column][vc_column width=&#8220;1\/2&#8243;][vc_single_image image=&#8220;185&#8243; img_size=&#8220;full&#8220;][\/vc_column][\/vc_row]<\/p>","protected":false},"excerpt":{"rendered":"<p>Lorem ipsum dolor sit amet, consectetur adipiscing elit. Nulla commodo quam sed nisi commodo, in consectetur tortor tempor. Phasellus dictum quis dui vitae tincidunt.<\/p>\n","protected":false},"author":1,"featured_media":30,"parent":14,"menu_order":0,"comment_status":"closed","ping_status":"closed","template":"services.php","meta":{"ngg_post_thumbnail":0,"footnotes":""},"class_list":["post-39","page","type-page","status-publish","has-post-thumbnail","hentry"],"aioseo_notices":[],"_links":{"self":[{"href":"http:\/\/ropro.pl\/de\/wp-json\/wp\/v2\/pages\/39","targetHints":{"allow":["GET"]}}],"collection":[{"href":"http:\/\/ropro.pl\/de\/wp-json\/wp\/v2\/pages"}],"about":[{"href":"http:\/\/ropro.pl\/de\/wp-json\/wp\/v2\/types\/page"}],"author":[{"embeddable":true,"href":"http:\/\/ropro.pl\/de\/wp-json\/wp\/v2\/users\/1"}],"replies":[{"embeddable":true,"href":"http:\/\/ropro.pl\/de\/wp-json\/wp\/v2\/comments?post=39"}],"version-history":[{"count":29,"href":"http:\/\/ropro.pl\/de\/wp-json\/wp\/v2\/pages\/39\/revisions"}],"predecessor-version":[{"id":453,"href":"http:\/\/ropro.pl\/de\/wp-json\/wp\/v2\/pages\/39\/revisions\/453"}],"up":[{"embeddable":true,"href":"http:\/\/ropro.pl\/de\/wp-json\/wp\/v2\/pages\/14"}],"wp:featuredmedia":[{"embeddable":true,"href":"http:\/\/ropro.pl\/de\/wp-json\/wp\/v2\/media\/30"}],"wp:attachment":[{"href":"http:\/\/ropro.pl\/de\/wp-json\/wp\/v2\/media?parent=39"}],"curies":[{"name":"wp","href":"https:\/\/api.w.org\/{rel}","templated":true}]}}